{"id":339,"date":"2019-03-14T10:57:01","date_gmt":"2019-03-14T09:57:01","guid":{"rendered":"https:\/\/14congreso.clubarbitraje.com\/politica-de-cookies\/"},"modified":"2019-04-02T09:50:45","modified_gmt":"2019-04-02T08:50:45","slug":"cookies-policy","status":"publish","type":"page","link":"https:\/\/16congreso.clubarbitraje.com\/en\/cookies-policy\/","title":{"rendered":"Cookies Policy"},"content":{"rendered":"<p>[et_pb_section fb_built=&#8221;1&#8243; _builder_version=&#8221;3.19.18&#8243;][et_pb_row _builder_version=&#8221;3.19.18&#8243;][et_pb_column type=&#8221;4_4&#8243; _builder_version=&#8221;3.19.18&#8243;][et_pb_divider show_divider=&#8221;off&#8221; height=&#8221;300px&#8221; module_class=&#8221;header-sep&#8221; _builder_version=&#8221;3.19.18&#8243; locked=&#8221;off&#8221;][\/et_pb_divider][et_pb_text _builder_version=&#8221;3.19.18&#8243; disabled_on=&#8221;on|on|on&#8221; disabled=&#8221;on&#8221;]<\/p>\n<h2>COOKIE POLICY<\/h2>\n<p>Club Espa\u00f1ol del Arbitraje (hereinafter \u201cCEA\u201d) intends to offer you a more comfortable browsing experience. To this end, just like other websites, this website uses cookies.<\/p>\n<p>We are going to explain to you how our cookies work, so that, if applicable, you can grant your consent. Therefore, we will explain what they are below, as well as how we use them and the options you have to manage them.<\/p>\n<h4>Concept of cookies<\/h4>\n<p>A cookie is a small text file stored in your browser when you visit almost any webpage. Its purpose is to make the webpage able to remember your visit when you browse the page again. Cookies tend to store technical information, personal preferences, customized contents, use statistics, links to social networks, access to user accounts, etc. The purpose of cookies is to adapt the website&#8217;s content to your profile and needs. Without cookies, the services offered by any webpage would notably decrease in quality.<\/p>\n<h4>WHAT TYPES OF COOKIES ARE THERE?<\/h4>\n<p>According to the entity managing it:<\/p>\n<ul>\n<li>Our own cookies: cookies sent to the user&#8217;s device from a device or domain managed by the publisher, from whence the service requested by the user is provided.<\/li>\n<li>Third-party cookies: cookies sent to the user&#8217;s device from a device or domain that is not managed by the publisher, but rather by another entity that processes the data obtained through the cookies.<\/li>\n<\/ul>\n<p>Depending on the period of time they remain activated on the browsing device:<\/p>\n<ul>\n<li>Session cookies: these cookies are designed to collect and store data while the user accesses a webpage.<\/li>\n<li>Persistent cookies: with these cookies, the data remain stored on the device, and can be accessed and processed for a period defined by the cookie controller, which can span a period of a few minutes to several years.<\/li>\n<\/ul>\n<p>According to the purpose of processing the data obtained with the cookies:<\/p>\n<ul>\n<li>Technical cookies: these allow the user to browse the website, platform or application and use different options or services on said website, platform application.<\/li>\n<li>Customization cookies: these allow the user to access the service with some general pre-defined characteristics, based on a series of criteria on the user&#8217;s device.<\/li>\n<li>Analysis cookies: these allow their controller to monitor and analyze user behavior on the websites to which they are linked. The information collected with this kind of cookie is used to measure activity on websites, applications or platforms, and to make browsing profiles of users on said sites, applications and platforms, in order to improve analysis of the data on the use users make of the service.<\/li>\n<li>Advertising cookies: these are for the most effective management possible of advertising spaces that the publisher may have included on a webpage, application or platform from whence the publisher provides the service requested, based on criteria such as content published or how often the advertisements are shown.<\/li>\n<li>Behavioral advertising cookies: these are for the most effective management possible of advertising spaces that the publisher may have included on a webpage, application or platform from whence the publisher provides the service requested. These cookies store behavioral information on users obtained through ongoing observation of their browsing habits, to develop a specific profile to show advertising based thereupon.<\/li>\n<\/ul>\n<h4>COOKIES USED ON THIS WEBSITE<\/h4>\n<p>The cookies below are the website&#8217;s <strong>own cookies:<\/strong><\/p>\n<p>&nbsp;<\/p>\n<table style=\"max-width: 800px;\" width=\"100%\" cellspacing=\"0\" cellpadding=\"8\" align=\"center\">\n<tbody>\n<tr>\n<td style=\"border: 1px solid #333; padding: .5em; background-color: #e71617; color: #fff;\"><strong>Duration<\/strong><\/td>\n<td style=\"border: 1px solid #333; padding: .5em; background-color: #e71617; color: #fff;\"><strong>Type<\/strong><\/td>\n<td style=\"border: 1px solid #333; padding: .5em; background-color: #e71617; color: #fff;\"><strong>Cookie<\/strong><\/td>\n<td style=\"border: 1px solid #333; padding: .5em; background-color: #e71617; color: #fff;\"><strong>Purpose<\/strong><\/td>\n<\/tr>\n<tr>\n<td style=\"border: 1px solid #333; padding: .5em;\">Session<\/td>\n<td style=\"border: 1px solid #333; padding: .5em;\">Technical<\/td>\n<td style=\"border: 1px solid #333; padding: .5em;\">cookie_notice_accepted<\/td>\n<td style=\"border: 1px solid #333; padding: .5em;\">Determines whether the user accepts the Cookie Policy.<\/td>\n<\/tr>\n<tr>\n<td style=\"border: 1px solid #333; padding: .5em;\">Session<\/td>\n<td style=\"border: 1px solid #333; padding: .5em;\">Technical<\/td>\n<td style=\"border: 1px solid #333; padding: .5em;\">_icl_current_language<\/td>\n<td style=\"border: 1px solid #333; padding: .5em;\">Determines whether the language of navigation.<\/td>\n<\/tr>\n<\/tbody>\n<\/table>\n<p>&nbsp;<\/p>\n<p>This website uses the following third-party cookies:<\/p>\n<ul>\n<li>Google Analytics:<br \/>\n<!-- De acuerdo con el mensaje de la Agencia, utilizan cookies de Google, Inc., en concreto &ldquo;gtag&rdquo; Esta es la que hemos incluido en el cuadro. De nuevo, recomendamos confirmar antes del lanzamiento de la web si hay m\u00e1s cookies incorporadas a la web para informar adecuadamente de ello a los usuarios. --><br \/>\nThis stores cookies in order to draw up statistics on traffic and visit volume to the website. This is a website analytical service provided by Google, Inc. (hereinafter, \u201cGoogle\u201d). You may obtain more information on Google Analytics at this link: <a href=\"https:\/\/policies.google.com\/technologies\/cookies?hl=en \">https:\/\/policies.google.com\/technologies\/cookies?hl=en<\/a><\/li>\n<\/ul>\n<p>&nbsp;<\/p>\n<table style=\"max-width: 800px;\" width=\"100%\" cellspacing=\"0\" cellpadding=\"8\" align=\"center\">\n<tbody>\n<tr>\n<td style=\"border: 1px solid #333; padding: .5em; background-color: #e71617; color: #fff;\"><strong>Supplier cookies<\/strong><\/td>\n<td style=\"border: 1px solid #333; padding: .5em; background-color: #e71617; color: #fff;\"><strong>Duration<\/strong><\/td>\n<td style=\"border: 1px solid #333; padding: .5em; background-color: #e71617; color: #fff;\"><strong>Type<\/strong><\/td>\n<td style=\"border: 1px solid #333; padding: .5em; background-color: #e71617; color: #fff;\"><strong>Cookie<\/strong><\/td>\n<td style=\"border: 1px solid #333; padding: .5em; background-color: #e71617; color: #fff;\"><strong>Purpose<\/strong><\/td>\n<\/tr>\n<\/tbody>\n<tbody>\n<tr>\n<td style=\"border: 1px solid #333; padding: .5em;\">Google Analytics<\/td>\n<td style=\"border: 1px solid #333; padding: .5em;\">Permanent<\/td>\n<td style=\"border: 1px solid #333; padding: .5em;\">Analysis<\/td>\n<td style=\"border: 1px solid #333; padding: .5em;\">gtag.js<\/td>\n<td style=\"border: 1px solid #333; padding: .5em;\">Identify unique users in the navigation sessions.<\/td>\n<\/tr>\n<\/tbody>\n<\/table>\n<p>&nbsp;<\/p>\n<h4>DEACTIVATING OR DELETING COOKIES<\/h4>\n<p>Blocking or deactivating all cookies helps to protect privacy, but it can also limit the experience on certain websites, and also limit functions or even not allow proper browsing or use of certain services. If you want to learn how to deactivate cookies on the most popular web brows, please see the tutorials below:<\/p>\n<ul>\n<li>\n<p align=\"left\"><a href=\"https:\/\/support.google.com\/chrome\/answer\/95647?hl=en\">Google Chrome<\/a><\/p>\n<\/li>\n<li>\n<p align=\"left\"><a href=\"https:\/\/support.mozilla.org\/en-US\/kb\/enable-and-disable-cookies-website-preferences\">Mozilla Firefox<\/a><\/p>\n<\/li>\n<li>\n<p align=\"left\"><a href=\"https:\/\/support.microsoft.com\/en-us\/help\/17442\/windows-internet-explorer-delete-manage-cookies\">Internet Explorer<\/a><\/p>\n<\/li>\n<li>\n<p align=\"left\"><a href=\"https:\/\/support.apple.com\/en-us\/HT201265\">Safari<\/a><\/p>\n<\/li>\n<li>\n<p align=\"left\"><a href=\"https:\/\/support.google.com\/chrome\/answer\/114662?hl=en&amp;visit_id=1-636159258179599225-3981103204&amp;rd=1\">Chrome para Android<\/a><\/p>\n<\/li>\n<\/ul>\n<p>or questions or consultation about this cookie policy, please do not hesitate to contact us by email at <a href=\"mailto:administracion@clubarbitraje.com\">administracion@clubarbitraje.com<\/a>[\/et_pb_text][et_pb_text _builder_version=&#8221;3.19.18&#8243; locked=&#8221;off&#8221;]<\/p>\n<h2>POL\u00cdTICA DE COOKIES<\/h2>\n<p>A efectos de facilitar el uso del Sitio Web, le comunicamos que utilizamos Cookies propias y de terceros, decidiendo sobre la finalidad, contenido y uso de tratamiento de la informaci\u00f3n recabada. Estas cookies se generar\u00e1n de forma autom\u00e1tica en el ordenador del usuario, de modo que proporcionar\u00e1n al administrador del Sitio Web, es decir, CEA, informaci\u00f3n sobre:<\/p>\n<p>&#8211; Usuarios en general: (i) tipo de navegador de internet; (ii) sistema operativo y; (iii) direcci\u00f3n IP.<\/p>\n<p>&#8211; Usuarios de los foros: (i) informaci\u00f3n del usuario registrado; (ii) identificador \u00fanico de registro y; (iii) cuando corresponda, existe la opci\u00f3n de recordar los datos de acceso al sistema de foros.<\/p>\n<p>Para cualquier duda o consulta acerca de esta pol\u00edtica de cookies no dude en comunicarse con nosotros a trav\u00e9s al correo electr\u00f3nico: <a href=\"mailto:administracion@clubarbitraje.com\">administracion@clubarbitraje.com<\/a>[\/et_pb_text][\/et_pb_column][\/et_pb_row][\/et_pb_section]<\/p>\n","protected":false},"excerpt":{"rendered":"<p>[et_pb_section fb_built=&#8221;1&#8243; _builder_version=&#8221;3.19.18&#8243;][et_pb_row _builder_version=&#8221;3.19.18&#8243;][et_pb_column type=&#8221;4_4&#8243; _builder_version=&#8221;3.19.18&#8243;][et_pb_divider show_divider=&#8221;off&#8221; height=&#8221;300px&#8221; module_class=&#8221;header-sep&#8221; _builder_version=&#8221;3.19.18&#8243; locked=&#8221;off&#8221;][\/et_pb_divider][et_pb_text _builder_version=&#8221;3.19.18&#8243; disabled_on=&#8221;on|on|on&#8221; disabled=&#8221;on&#8221;] COOKIE POLICY Club Espa\u00f1ol del Arbitraje (hereinafter \u201cCEA\u201d) intends to offer you a more comfortable browsing experience. To this end, just like other websites, this website uses cookies. We are going to explain to you how our cookies work, so that, [&hellip;]<\/p>\n","protected":false},"author":2,"featured_media":0,"parent":0,"menu_order":0,"comment_status":"closed","ping_status":"closed","template":"","meta":{"_et_pb_use_builder":"on","_et_pb_old_content":""},"_links":{"self":[{"href":"https:\/\/16congreso.clubarbitraje.com\/en\/wp-json\/wp\/v2\/pages\/339"}],"collection":[{"href":"https:\/\/16congreso.clubarbitraje.com\/en\/wp-json\/wp\/v2\/pages"}],"about":[{"href":"https:\/\/16congreso.clubarbitraje.com\/en\/wp-json\/wp\/v2\/types\/page"}],"author":[{"embeddable":true,"href":"https:\/\/16congreso.clubarbitraje.com\/en\/wp-json\/wp\/v2\/users\/2"}],"replies":[{"embeddable":true,"href":"https:\/\/16congreso.clubarbitraje.com\/en\/wp-json\/wp\/v2\/comments?post=339"}],"version-history":[{"count":9,"href":"https:\/\/16congreso.clubarbitraje.com\/en\/wp-json\/wp\/v2\/pages\/339\/revisions"}],"predecessor-version":[{"id":999,"href":"https:\/\/16congreso.clubarbitraje.com\/en\/wp-json\/wp\/v2\/pages\/339\/revisions\/999"}],"wp:attachment":[{"href":"https:\/\/16congreso.clubarbitraje.com\/en\/wp-json\/wp\/v2\/media?parent=339"}],"curies":[{"name":"wp","href":"https:\/\/api.w.org\/{rel}","templated":true}]}}